{"id":772,"date":"2024-11-09T12:40:57","date_gmt":"2024-11-09T11:40:57","guid":{"rendered":"https:\/\/intercleft.com\/?page_id=772"},"modified":"2025-01-17T12:26:43","modified_gmt":"2025-01-17T11:26:43","slug":"rajzpalyazat","status":"publish","type":"page","link":"https:\/\/intercleft.com\/hu\/rajzpalyazat\/","title":{"rendered":"Lez\u00e1rult a rajzp\u00e1ly\u00e1zat"},"content":{"rendered":"<div data-elementor-type=\"wp-page\" data-elementor-id=\"772\" class=\"elementor elementor-772\" data-elementor-settings=\"{&quot;ha_cmc_init_switcher&quot;:&quot;no&quot;}\" data-elementor-post-type=\"page\">\n\t\t\t\t<div class=\"elementor-element elementor-element-a7c5f54 e-flex e-con-boxed e-con e-parent\" data-id=\"a7c5f54\" data-element_type=\"container\" data-e-type=\"container\" data-settings=\"{&quot;_ha_eqh_enable&quot;:false}\">\n\t\t\t\t\t<div class=\"e-con-inner\">\n\t\t\t\t<div class=\"elementor-element elementor-element-fcb1d54 elementor-widget elementor-widget-text-editor\" data-id=\"fcb1d54\" data-element_type=\"widget\" data-e-type=\"widget\" data-widget_type=\"text-editor.default\">\n\t\t\t\t<div class=\"elementor-widget-container\">\n\t\t\t\t\t\t\t\t\t<p>Gy\u00f6ny\u00f6r\u0171 rajzok \u00e9rkeztek, k\u00f6sz\u00f6nj\u00fck sz\u00e9pen minden kedves r\u00e9sztvev\u0151nek! Nagyon neh\u00e9z volt a d\u00f6nt\u00e9s, v\u00e9g\u00fcl a k\u00f6vetkez\u0151 h\u00e1rom rajz ker\u00fclt a dobog\u00f3ra:<\/p>\t\t\t\t\t\t\t\t<\/div>\n\t\t\t\t<\/div>\n\t\t\t\t\t<\/div>\n\t\t\t\t<\/div>\n\t\t<div class=\"elementor-element elementor-element-60f58ba e-flex e-con-boxed e-con e-parent\" data-id=\"60f58ba\" data-element_type=\"container\" data-e-type=\"container\" data-settings=\"{&quot;_ha_eqh_enable&quot;:false}\">\n\t\t\t\t\t<div class=\"e-con-inner\">\n\t\t<div class=\"elementor-element elementor-element-378f929 e-con-full e-flex e-con e-child\" data-id=\"378f929\" data-element_type=\"container\" data-e-type=\"container\" data-settings=\"{&quot;_ha_eqh_enable&quot;:false}\">\n\t\t\t\t<div class=\"elementor-element elementor-element-26ef450 elementor-widget elementor-widget-heading\" data-id=\"26ef450\" data-element_type=\"widget\" data-e-type=\"widget\" data-widget_type=\"heading.default\">\n\t\t\t\t<div class=\"elementor-widget-container\">\n\t\t\t\t\t<h2 class=\"elementor-heading-title elementor-size-default\">I. d\u00edj \u2013 Peti (6 e\u0301ves): <br>Ho\u030bs leszek<\/h2>\t\t\t\t<\/div>\n\t\t\t\t<\/div>\n\t\t\t\t<div class=\"elementor-element elementor-element-fc1be6d elementor-widget elementor-widget-image\" data-id=\"fc1be6d\" data-element_type=\"widget\" data-e-type=\"widget\" data-widget_type=\"image.default\">\n\t\t\t\t<div class=\"elementor-widget-container\">\n\t\t\t\t\t\t\t\t\t\t\t\t\t\t\t<img fetchpriority=\"high\" decoding=\"async\" width=\"1160\" height=\"822\" src=\"https:\/\/intercleft.com\/wp-content\/uploads\/Peti_Hos-leszek.png\" class=\"attachment-large size-large wp-image-924\" alt=\"\" srcset=\"https:\/\/intercleft.com\/wp-content\/uploads\/Peti_Hos-leszek.png 1160w, https:\/\/intercleft.com\/wp-content\/uploads\/Peti_Hos-leszek-300x213.png 300w, https:\/\/intercleft.com\/wp-content\/uploads\/Peti_Hos-leszek-768x544.png 768w, https:\/\/intercleft.com\/wp-content\/uploads\/Peti_Hos-leszek-18x12.png 18w\" sizes=\"(max-width: 1160px) 100vw, 1160px\" \/>\t\t\t\t\t\t\t\t\t\t\t\t\t\t\t<\/div>\n\t\t\t\t<\/div>\n\t\t\t\t<\/div>\n\t\t<div class=\"elementor-element elementor-element-db5f0b1 e-con-full e-flex e-con e-child\" data-id=\"db5f0b1\" data-element_type=\"container\" data-e-type=\"container\" data-settings=\"{&quot;_ha_eqh_enable&quot;:false}\">\n\t\t\t\t<div class=\"elementor-element elementor-element-4600653 elementor-widget elementor-widget-heading\" data-id=\"4600653\" data-element_type=\"widget\" data-e-type=\"widget\" data-widget_type=\"heading.default\">\n\t\t\t\t<div class=\"elementor-widget-container\">\n\t\t\t\t\t<h2 class=\"elementor-heading-title elementor-size-default\">II. d\u00edj \u2013 Kata (5 e\u0301ves): <br>Seg\u00edtek otthon<\/h2>\t\t\t\t<\/div>\n\t\t\t\t<\/div>\n\t\t\t\t<div class=\"elementor-element elementor-element-410021e elementor-widget elementor-widget-image\" data-id=\"410021e\" data-element_type=\"widget\" data-e-type=\"widget\" data-widget_type=\"image.default\">\n\t\t\t\t<div class=\"elementor-widget-container\">\n\t\t\t\t\t\t\t\t\t\t\t\t\t\t\t<img decoding=\"async\" width=\"4096\" height=\"3072\" src=\"https:\/\/intercleft.com\/wp-content\/uploads\/Kata_segitek_otthon.png\" class=\"attachment-large size-large wp-image-923\" alt=\"\" srcset=\"https:\/\/intercleft.com\/wp-content\/uploads\/Kata_segitek_otthon.png 4096w, https:\/\/intercleft.com\/wp-content\/uploads\/Kata_segitek_otthon-300x225.png 300w, https:\/\/intercleft.com\/wp-content\/uploads\/Kata_segitek_otthon-768x576.png 768w, https:\/\/intercleft.com\/wp-content\/uploads\/Kata_segitek_otthon-1536x1152.png 1536w, https:\/\/intercleft.com\/wp-content\/uploads\/Kata_segitek_otthon-2048x1536.png 2048w, https:\/\/intercleft.com\/wp-content\/uploads\/Kata_segitek_otthon-16x12.png 16w\" sizes=\"(max-width: 4096px) 100vw, 4096px\" \/>\t\t\t\t\t\t\t\t\t\t\t\t\t\t\t<\/div>\n\t\t\t\t<\/div>\n\t\t\t\t<\/div>\n\t\t<div class=\"elementor-element elementor-element-9b92a6e e-con-full e-flex e-con e-child\" data-id=\"9b92a6e\" data-element_type=\"container\" data-e-type=\"container\" data-settings=\"{&quot;_ha_eqh_enable&quot;:false}\">\n\t\t\t\t<div class=\"elementor-element elementor-element-ecadac5 elementor-widget elementor-widget-heading\" data-id=\"ecadac5\" data-element_type=\"widget\" data-e-type=\"widget\" data-widget_type=\"heading.default\">\n\t\t\t\t<div class=\"elementor-widget-container\">\n\t\t\t\t\t<h2 class=\"elementor-heading-title elementor-size-default\">III. d\u00edj \u2013 Joanna (3 e\u0301ves): <br>\u00c9n \u00e9s a t\u00f6bbiek<\/h2>\t\t\t\t<\/div>\n\t\t\t\t<\/div>\n\t\t\t\t<div class=\"elementor-element elementor-element-1fd5429 elementor-widget elementor-widget-image\" data-id=\"1fd5429\" data-element_type=\"widget\" data-e-type=\"widget\" data-widget_type=\"image.default\">\n\t\t\t\t<div class=\"elementor-widget-container\">\n\t\t\t\t\t\t\t\t\t\t\t\t\t\t\t<img decoding=\"async\" width=\"1671\" height=\"2367\" src=\"https:\/\/intercleft.com\/wp-content\/uploads\/Joanna_En-es-a-tobbiek-3-eves.jpg\" class=\"attachment-large size-large wp-image-925\" alt=\"\" srcset=\"https:\/\/intercleft.com\/wp-content\/uploads\/Joanna_En-es-a-tobbiek-3-eves.jpg 1671w, https:\/\/intercleft.com\/wp-content\/uploads\/Joanna_En-es-a-tobbiek-3-eves-212x300.jpg 212w, https:\/\/intercleft.com\/wp-content\/uploads\/Joanna_En-es-a-tobbiek-3-eves-768x1088.jpg 768w, https:\/\/intercleft.com\/wp-content\/uploads\/Joanna_En-es-a-tobbiek-3-eves-1084x1536.jpg 1084w, https:\/\/intercleft.com\/wp-content\/uploads\/Joanna_En-es-a-tobbiek-3-eves-1446x2048.jpg 1446w, https:\/\/intercleft.com\/wp-content\/uploads\/Joanna_En-es-a-tobbiek-3-eves-8x12.jpg 8w\" sizes=\"(max-width: 1671px) 100vw, 1671px\" \/>\t\t\t\t\t\t\t\t\t\t\t\t\t\t\t<\/div>\n\t\t\t\t<\/div>\n\t\t\t\t<\/div>\n\t\t\t\t\t<\/div>\n\t\t\t\t<\/div>\n\t\t<div class=\"elementor-element elementor-element-7b43bfa elementor-hidden-desktop elementor-hidden-tablet elementor-hidden-mobile e-flex e-con-boxed e-con e-parent\" data-id=\"7b43bfa\" data-element_type=\"container\" data-e-type=\"container\" data-settings=\"{&quot;_ha_eqh_enable&quot;:false}\">\n\t\t\t\t\t<div class=\"e-con-inner\">\n\t\t\t\t<div class=\"elementor-element elementor-element-e03cf47 elementor-pagination-position-outside elementor--h-position-center elementor--v-position-middle elementor-arrows-position-inside elementor-widget elementor-widget-slides\" data-id=\"e03cf47\" data-element_type=\"widget\" data-e-type=\"widget\" data-settings=\"{&quot;autoplay_speed&quot;:10000,&quot;transition_speed&quot;:1000,&quot;navigation&quot;:&quot;both&quot;,&quot;autoplay&quot;:&quot;yes&quot;,&quot;pause_on_hover&quot;:&quot;yes&quot;,&quot;pause_on_interaction&quot;:&quot;yes&quot;,&quot;infinite&quot;:&quot;yes&quot;,&quot;transition&quot;:&quot;slide&quot;}\" data-widget_type=\"slides.default\">\n\t\t\t\t<div class=\"elementor-widget-container\">\n\t\t\t\t\t\t\t\t\t<div class=\"elementor-swiper\">\n\t\t\t\t\t<div class=\"elementor-slides-wrapper elementor-main-swiper swiper\" role=\"region\" aria-roledescription=\"carousel\" aria-label=\"Slides\" dir=\"ltr\" data-animation=\"fadeInUp\">\n\t\t\t\t<div class=\"swiper-wrapper elementor-slides\">\n\t\t\t\t\t\t\t\t\t\t<div class=\"elementor-repeater-item-e5bfe54 swiper-slide\" role=\"group\" aria-roledescription=\"slide\"><div class=\"swiper-slide-bg\" role=\"img\" aria-label=\"Rajzp_InterCleft-1\"><\/div><div class=\"swiper-slide-inner\" ><div class=\"swiper-slide-contents\"><\/div><\/div><\/div><div class=\"elementor-repeater-item-8075030 swiper-slide\" role=\"group\" aria-roledescription=\"slide\"><div class=\"swiper-slide-bg\" role=\"img\" aria-label=\"Rajzp_InterCleft-2\"><\/div><div class=\"swiper-slide-inner\" ><div class=\"swiper-slide-contents\"><\/div><\/div><\/div><div class=\"elementor-repeater-item-ec9dc11 swiper-slide\" role=\"group\" aria-roledescription=\"slide\"><div class=\"swiper-slide-bg\" role=\"img\" aria-label=\"Rajzp_InterCleft-3\"><\/div><div class=\"swiper-slide-inner\" ><div class=\"swiper-slide-contents\"><\/div><\/div><\/div><div class=\"elementor-repeater-item-2528bd7 swiper-slide\" role=\"group\" aria-roledescription=\"slide\"><div class=\"swiper-slide-bg\" role=\"img\" aria-label=\"Rajzp_InterCleft-4\"><\/div><div class=\"swiper-slide-inner\" ><div class=\"swiper-slide-contents\"><\/div><\/div><\/div><div class=\"elementor-repeater-item-44e7fb4 swiper-slide\" role=\"group\" aria-roledescription=\"slide\"><div class=\"swiper-slide-bg\" role=\"img\" aria-label=\"Rajzp_InterCleft-5\"><\/div><div class=\"swiper-slide-inner\" ><div class=\"swiper-slide-contents\"><\/div><\/div><\/div>\t\t\t\t<\/div>\n\t\t\t\t\t\t\t\t\t\t\t\t\t\t\t<div class=\"elementor-swiper-button elementor-swiper-button-prev\" role=\"button\" tabindex=\"0\" aria-label=\"Previous slide\">\n\t\t\t\t\t\t\t<svg aria-hidden=\"true\" class=\"e-font-icon-svg e-eicon-chevron-left\" viewbox=\"0 0 1000 1000\" xmlns=\"http:\/\/www.w3.org\/2000\/svg\"><path d=\"M646 125C629 125 613 133 604 142L308 442C296 454 292 471 292 487 292 504 296 521 308 533L604 854C617 867 629 875 646 875 663 875 679 871 692 858 704 846 713 829 713 812 713 796 708 779 692 767L438 487 692 225C700 217 708 204 708 187 708 171 704 154 692 142 675 129 663 125 646 125Z\"><\/path><\/svg>\t\t\t\t\t\t<\/div>\n\t\t\t\t\t\t<div class=\"elementor-swiper-button elementor-swiper-button-next\" role=\"button\" tabindex=\"0\" aria-label=\"Next slide\">\n\t\t\t\t\t\t\t<svg aria-hidden=\"true\" class=\"e-font-icon-svg e-eicon-chevron-right\" viewbox=\"0 0 1000 1000\" xmlns=\"http:\/\/www.w3.org\/2000\/svg\"><path d=\"M696 533C708 521 713 504 713 487 713 471 708 454 696 446L400 146C388 133 375 125 354 125 338 125 325 129 313 142 300 154 292 171 292 187 292 204 296 221 308 233L563 492 304 771C292 783 288 800 288 817 288 833 296 850 308 863 321 871 338 875 354 875 371 875 388 867 400 854L696 533Z\"><\/path><\/svg>\t\t\t\t\t\t<\/div>\n\t\t\t\t\t\t\t\t\t\t\t\t\t\t\t\t<div class=\"swiper-pagination\"><\/div>\n\t\t\t\t\t\t\t\t\t\t\t\t<\/div>\n\t\t\t\t<\/div>\n\t\t\t\t\t\t\t\t<\/div>\n\t\t\t\t<\/div>\n\t\t\t\t\t<\/div>\n\t\t\t\t<\/div>\n\t\t<div class=\"elementor-element elementor-element-d2e434b e-flex e-con-boxed e-con e-parent\" data-id=\"d2e434b\" data-element_type=\"container\" data-e-type=\"container\" data-settings=\"{&quot;_ha_eqh_enable&quot;:false}\">\n\t\t\t\t\t<div class=\"e-con-inner\">\n\t\t\t\t<div class=\"elementor-element elementor-element-a66a358 elementor-widget elementor-widget-text-editor\" data-id=\"a66a358\" data-element_type=\"widget\" data-e-type=\"widget\" data-widget_type=\"text-editor.default\">\n\t\t\t\t<div class=\"elementor-widget-container\">\n\t\t\t\t\t\t\t\t\t<h1>GRATUL\u00c1LUNK!<span style=\"font-family: arial, sans-serif;\"><br \/><\/span><\/h1><p><span style=\"font-family: arial, sans-serif;\">Ne keseredjenek el azok sem, akik most nem nyertek, id\u00e9n is lesz hasonl\u00f3 lehet\u0151s\u00e9g, csak figyelmesen k\u00f6vess\u00e9tek az oldalunkat!<\/span><\/p>\t\t\t\t\t\t\t\t<\/div>\n\t\t\t\t<\/div>\n\t\t\t\t<div class=\"elementor-element elementor-element-c018be7 elementor-widget elementor-widget-gallery\" data-id=\"c018be7\" data-element_type=\"widget\" data-e-type=\"widget\" data-settings=\"{&quot;overlay_title&quot;:&quot;caption&quot;,&quot;lazyload&quot;:&quot;yes&quot;,&quot;gallery_layout&quot;:&quot;grid&quot;,&quot;columns&quot;:4,&quot;columns_tablet&quot;:2,&quot;columns_mobile&quot;:1,&quot;gap&quot;:{&quot;unit&quot;:&quot;px&quot;,&quot;size&quot;:10,&quot;sizes&quot;:[]},&quot;gap_tablet&quot;:{&quot;unit&quot;:&quot;px&quot;,&quot;size&quot;:10,&quot;sizes&quot;:[]},&quot;gap_mobile&quot;:{&quot;unit&quot;:&quot;px&quot;,&quot;size&quot;:10,&quot;sizes&quot;:[]},&quot;link_to&quot;:&quot;file&quot;,&quot;aspect_ratio&quot;:&quot;3:2&quot;,&quot;overlay_background&quot;:&quot;yes&quot;,&quot;content_hover_animation&quot;:&quot;fade-in&quot;}\" data-widget_type=\"gallery.default\">\n\t\t\t\t<div class=\"elementor-widget-container\">\n\t\t\t\t\t\t\t<div class=\"elementor-gallery__container\">\n\t\t\t\t\t\t\t<a class=\"e-gallery-item elementor-gallery-item elementor-animated-content\" href=\"https:\/\/intercleft.com\/wp-content\/uploads\/Abel_Kerteszkedem-6-eves.png\" data-elementor-open-lightbox=\"yes\" data-elementor-lightbox-slideshow=\"c018be7\" data-elementor-lightbox-title=\"A\u0301bel_Kerte\u0301szkedem 6 e\u0301ves\" data-e-action-hash=\"#elementor-action%3Aaction%3Dlightbox%26settings%3DeyJpZCI6OTI5LCJ1cmwiOiJodHRwczpcL1wvaW50ZXJjbGVmdC5jb21cL3dwLWNvbnRlbnRcL3VwbG9hZHNcL0FiZWxfS2VydGVzemtlZGVtLTYtZXZlcy5wbmciLCJzbGlkZXNob3ciOiJjMDE4YmU3In0%3D\">\n\t\t\t\t\t<div class=\"e-gallery-image elementor-gallery-item__image\" data-thumbnail=\"https:\/\/intercleft.com\/wp-content\/uploads\/Abel_Kerteszkedem-6-eves-300x221.png\" data-width=\"300\" data-height=\"221\" aria-label=\"\" role=\"img\" ><\/div>\n\t\t\t\t\t\t\t\t\t\t\t<div class=\"elementor-gallery-item__overlay\"><\/div>\n\t\t\t\t\t\t\t\t\t\t\t\t\t\t\t<div class=\"elementor-gallery-item__content\">\n\t\t\t\t\t\t\t\t\t\t\t\t\t\t<div class=\"elementor-gallery-item__title\">\n\t\t\t\t\t\t\t\t\t\t\t\t\t\t\t\t\t\tA\u0301bel: Kerte\u0301szkedem, 6 e\u0301ves\t\t\t\t\t\t\t\t<\/div>\n\t\t\t\t\t\t\t\t\t\t\t\t<\/div>\n\t\t\t\t\t\t\t\t\t<\/a>\n\t\t\t\t\t\t\t<a class=\"e-gallery-item elementor-gallery-item elementor-animated-content\" href=\"https:\/\/intercleft.com\/wp-content\/uploads\/Barbi_Ovodai-farsang-6-eves.png\" data-elementor-open-lightbox=\"yes\" data-elementor-lightbox-slideshow=\"c018be7\" data-elementor-lightbox-title=\"Barbi_O\u0301vodai farsang 6 e\u0301ves\" data-e-action-hash=\"#elementor-action%3Aaction%3Dlightbox%26settings%3DeyJpZCI6OTMwLCJ1cmwiOiJodHRwczpcL1wvaW50ZXJjbGVmdC5jb21cL3dwLWNvbnRlbnRcL3VwbG9hZHNcL0JhcmJpX092b2RhaS1mYXJzYW5nLTYtZXZlcy5wbmciLCJzbGlkZXNob3ciOiJjMDE4YmU3In0%3D\">\n\t\t\t\t\t<div class=\"e-gallery-image elementor-gallery-item__image\" data-thumbnail=\"https:\/\/intercleft.com\/wp-content\/uploads\/Barbi_Ovodai-farsang-6-eves-300x225.png\" data-width=\"300\" data-height=\"225\" aria-label=\"\" role=\"img\" ><\/div>\n\t\t\t\t\t\t\t\t\t\t\t<div class=\"elementor-gallery-item__overlay\"><\/div>\n\t\t\t\t\t\t\t\t\t\t\t\t\t\t\t<div class=\"elementor-gallery-item__content\">\n\t\t\t\t\t\t\t\t\t\t\t\t\t\t<div class=\"elementor-gallery-item__title\">\n\t\t\t\t\t\t\t\t\t\t\t\t\t\t\t\t\t\tBarbi: O\u0301vodai farsang, 6 e\u0301ves\t\t\t\t\t\t\t\t<\/div>\n\t\t\t\t\t\t\t\t\t\t\t\t<\/div>\n\t\t\t\t\t\t\t\t\t<\/a>\n\t\t\t\t\t\t\t<a class=\"e-gallery-item elementor-gallery-item elementor-animated-content\" href=\"https:\/\/intercleft.com\/wp-content\/uploads\/Domi_En-vagyok-a-kapus-6-eves.png\" data-elementor-open-lightbox=\"yes\" data-elementor-lightbox-slideshow=\"c018be7\" data-elementor-lightbox-title=\"Domi_E\u0301n vagyok a kapus 6 e\u0301ves\" data-e-action-hash=\"#elementor-action%3Aaction%3Dlightbox%26settings%3DeyJpZCI6OTMxLCJ1cmwiOiJodHRwczpcL1wvaW50ZXJjbGVmdC5jb21cL3dwLWNvbnRlbnRcL3VwbG9hZHNcL0RvbWlfRW4tdmFneW9rLWEta2FwdXMtNi1ldmVzLnBuZyIsInNsaWRlc2hvdyI6ImMwMThiZTcifQ%3D%3D\">\n\t\t\t\t\t<div class=\"e-gallery-image elementor-gallery-item__image\" data-thumbnail=\"https:\/\/intercleft.com\/wp-content\/uploads\/Domi_En-vagyok-a-kapus-6-eves-300x221.png\" data-width=\"300\" data-height=\"221\" aria-label=\"\" role=\"img\" ><\/div>\n\t\t\t\t\t\t\t\t\t\t\t<div class=\"elementor-gallery-item__overlay\"><\/div>\n\t\t\t\t\t\t\t\t\t\t\t\t\t\t\t<div class=\"elementor-gallery-item__content\">\n\t\t\t\t\t\t\t\t\t\t\t\t\t\t<div class=\"elementor-gallery-item__title\">\n\t\t\t\t\t\t\t\t\t\t\t\t\t\t\t\t\t\tDomi: E\u0301n vagyok a kapus, 6 e\u0301ves\t\t\t\t\t\t\t\t<\/div>\n\t\t\t\t\t\t\t\t\t\t\t\t<\/div>\n\t\t\t\t\t\t\t\t\t<\/a>\n\t\t\t\t\t\t\t<a class=\"e-gallery-item elementor-gallery-item elementor-animated-content\" href=\"https:\/\/intercleft.com\/wp-content\/uploads\/Jani_Testvereimmel-3-eves.png\" data-elementor-open-lightbox=\"yes\" data-elementor-lightbox-slideshow=\"c018be7\" data-elementor-lightbox-title=\"Jani_Testve\u0301reimmel 3 e\u0301ves\" data-e-action-hash=\"#elementor-action%3Aaction%3Dlightbox%26settings%3DeyJpZCI6OTMyLCJ1cmwiOiJodHRwczpcL1wvaW50ZXJjbGVmdC5jb21cL3dwLWNvbnRlbnRcL3VwbG9hZHNcL0phbmlfVGVzdHZlcmVpbW1lbC0zLWV2ZXMucG5nIiwic2xpZGVzaG93IjoiYzAxOGJlNyJ9\">\n\t\t\t\t\t<div class=\"e-gallery-image elementor-gallery-item__image\" data-thumbnail=\"https:\/\/intercleft.com\/wp-content\/uploads\/Jani_Testvereimmel-3-eves-300x212.png\" data-width=\"300\" data-height=\"212\" aria-label=\"\" role=\"img\" ><\/div>\n\t\t\t\t\t\t\t\t\t\t\t<div class=\"elementor-gallery-item__overlay\"><\/div>\n\t\t\t\t\t\t\t\t\t\t\t\t\t\t\t<div class=\"elementor-gallery-item__content\">\n\t\t\t\t\t\t\t\t\t\t\t\t\t\t<div class=\"elementor-gallery-item__title\">\n\t\t\t\t\t\t\t\t\t\t\t\t\t\t\t\t\t\tJani: Testve\u0301reimmel, 3 e\u0301ves\t\t\t\t\t\t\t\t<\/div>\n\t\t\t\t\t\t\t\t\t\t\t\t<\/div>\n\t\t\t\t\t\t\t\t\t<\/a>\n\t\t\t\t\t\t\t<a class=\"e-gallery-item elementor-gallery-item elementor-animated-content\" href=\"https:\/\/intercleft.com\/wp-content\/uploads\/Levente_Rendor-leszek_6-ev.png\" data-elementor-open-lightbox=\"yes\" data-elementor-lightbox-slideshow=\"c018be7\" data-elementor-lightbox-title=\"Levente_Rendo\u030br leszek_6 e\u0301v\" data-e-action-hash=\"#elementor-action%3Aaction%3Dlightbox%26settings%3DeyJpZCI6OTMzLCJ1cmwiOiJodHRwczpcL1wvaW50ZXJjbGVmdC5jb21cL3dwLWNvbnRlbnRcL3VwbG9hZHNcL0xldmVudGVfUmVuZG9yLWxlc3pla182LWV2LnBuZyIsInNsaWRlc2hvdyI6ImMwMThiZTcifQ%3D%3D\">\n\t\t\t\t\t<div class=\"e-gallery-image elementor-gallery-item__image\" data-thumbnail=\"https:\/\/intercleft.com\/wp-content\/uploads\/Levente_Rendor-leszek_6-ev-300x225.png\" data-width=\"300\" data-height=\"225\" aria-label=\"\" role=\"img\" ><\/div>\n\t\t\t\t\t\t\t\t\t\t\t<div class=\"elementor-gallery-item__overlay\"><\/div>\n\t\t\t\t\t\t\t\t\t\t\t\t\t\t\t<div class=\"elementor-gallery-item__content\">\n\t\t\t\t\t\t\t\t\t\t\t\t\t\t<div class=\"elementor-gallery-item__title\">\n\t\t\t\t\t\t\t\t\t\t\t\t\t\t\t\t\t\tLevente: Rendo\u030br leszek, 6 e\u0301v\t\t\t\t\t\t\t\t<\/div>\n\t\t\t\t\t\t\t\t\t\t\t\t<\/div>\n\t\t\t\t\t\t\t\t\t<\/a>\n\t\t\t\t\t\t\t<a class=\"e-gallery-item elementor-gallery-item elementor-animated-content\" href=\"https:\/\/intercleft.com\/wp-content\/uploads\/Luca_Peti-meg-en_6-ev.png\" data-elementor-open-lightbox=\"yes\" data-elementor-lightbox-slideshow=\"c018be7\" data-elementor-lightbox-title=\"Luca_Peti meg e\u0301n_6 e\u0301v\" data-e-action-hash=\"#elementor-action%3Aaction%3Dlightbox%26settings%3DeyJpZCI6OTM0LCJ1cmwiOiJodHRwczpcL1wvaW50ZXJjbGVmdC5jb21cL3dwLWNvbnRlbnRcL3VwbG9hZHNcL0x1Y2FfUGV0aS1tZWctZW5fNi1ldi5wbmciLCJzbGlkZXNob3ciOiJjMDE4YmU3In0%3D\">\n\t\t\t\t\t<div class=\"e-gallery-image elementor-gallery-item__image\" data-thumbnail=\"https:\/\/intercleft.com\/wp-content\/uploads\/Luca_Peti-meg-en_6-ev-243x300.png\" data-width=\"243\" data-height=\"300\" aria-label=\"\" role=\"img\" ><\/div>\n\t\t\t\t\t\t\t\t\t\t\t<div class=\"elementor-gallery-item__overlay\"><\/div>\n\t\t\t\t\t\t\t\t\t\t\t\t\t\t\t<div class=\"elementor-gallery-item__content\">\n\t\t\t\t\t\t\t\t\t\t\t\t\t\t<div class=\"elementor-gallery-item__title\">\n\t\t\t\t\t\t\t\t\t\t\t\t\t\t\t\t\t\tLuca: Peti meg e\u0301n, 6 e\u0301v\t\t\t\t\t\t\t\t<\/div>\n\t\t\t\t\t\t\t\t\t\t\t\t<\/div>\n\t\t\t\t\t\t\t\t\t<\/a>\n\t\t\t\t\t\t\t<a class=\"e-gallery-item elementor-gallery-item elementor-animated-content\" href=\"https:\/\/intercleft.com\/wp-content\/uploads\/Roli_Focizunk_5-ev.png\" data-elementor-open-lightbox=\"yes\" data-elementor-lightbox-slideshow=\"c018be7\" data-elementor-lightbox-title=\"Roli_Focizunk_5 e\u0301v\" data-e-action-hash=\"#elementor-action%3Aaction%3Dlightbox%26settings%3DeyJpZCI6OTM1LCJ1cmwiOiJodHRwczpcL1wvaW50ZXJjbGVmdC5jb21cL3dwLWNvbnRlbnRcL3VwbG9hZHNcL1JvbGlfRm9jaXp1bmtfNS1ldi5wbmciLCJzbGlkZXNob3ciOiJjMDE4YmU3In0%3D\">\n\t\t\t\t\t<div class=\"e-gallery-image elementor-gallery-item__image\" data-thumbnail=\"https:\/\/intercleft.com\/wp-content\/uploads\/Roli_Focizunk_5-ev-300x211.png\" data-width=\"300\" data-height=\"211\" aria-label=\"\" role=\"img\" ><\/div>\n\t\t\t\t\t\t\t\t\t\t\t<div class=\"elementor-gallery-item__overlay\"><\/div>\n\t\t\t\t\t\t\t\t\t\t\t\t\t\t\t<div class=\"elementor-gallery-item__content\">\n\t\t\t\t\t\t\t\t\t\t\t\t\t\t<div class=\"elementor-gallery-item__title\">\n\t\t\t\t\t\t\t\t\t\t\t\t\t\t\t\t\t\tRoli: Focizunk, 5 e\u0301v\t\t\t\t\t\t\t\t<\/div>\n\t\t\t\t\t\t\t\t\t\t\t\t<\/div>\n\t\t\t\t\t\t\t\t\t<\/a>\n\t\t\t\t\t\t\t<a class=\"e-gallery-item elementor-gallery-item elementor-animated-content\" href=\"https:\/\/intercleft.com\/wp-content\/uploads\/Tamas_horgaszom-apaval.png\" data-elementor-open-lightbox=\"yes\" data-elementor-lightbox-slideshow=\"c018be7\" data-elementor-lightbox-title=\"Tama\u0301s_horga\u0301szom apa\u0301val\" data-e-action-hash=\"#elementor-action%3Aaction%3Dlightbox%26settings%3DeyJpZCI6OTM2LCJ1cmwiOiJodHRwczpcL1wvaW50ZXJjbGVmdC5jb21cL3dwLWNvbnRlbnRcL3VwbG9hZHNcL1RhbWFzX2hvcmdhc3pvbS1hcGF2YWwucG5nIiwic2xpZGVzaG93IjoiYzAxOGJlNyJ9\">\n\t\t\t\t\t<div class=\"e-gallery-image elementor-gallery-item__image\" data-thumbnail=\"https:\/\/intercleft.com\/wp-content\/uploads\/Tamas_horgaszom-apaval-300x221.png\" data-width=\"300\" data-height=\"221\" aria-label=\"\" role=\"img\" ><\/div>\n\t\t\t\t\t\t\t\t\t\t\t<div class=\"elementor-gallery-item__overlay\"><\/div>\n\t\t\t\t\t\t\t\t\t\t\t\t\t\t\t<div class=\"elementor-gallery-item__content\">\n\t\t\t\t\t\t\t\t\t\t\t\t\t\t<div class=\"elementor-gallery-item__title\">\n\t\t\t\t\t\t\t\t\t\t\t\t\t\t\t\t\t\tTama\u0301s: Horga\u0301szom apa\u0301val\t\t\t\t\t\t\t\t<\/div>\n\t\t\t\t\t\t\t\t\t\t\t\t<\/div>\n\t\t\t\t\t\t\t\t\t<\/a>\n\t\t\t\t\t<\/div>\n\t\t\t\t\t<\/div>\n\t\t\t\t<\/div>\n\t\t\t\t\t<\/div>\n\t\t\t\t<\/div>\n\t\t\t\t<\/div>","protected":false},"excerpt":{"rendered":"<p>Gy\u00f6ny\u00f6r\u0171 rajzok \u00e9rkeztek, k\u00f6sz\u00f6nj\u00fck sz\u00e9pen minden kedves r\u00e9sztvev\u0151nek! Nagyon neh\u00e9z volt a d\u00f6nt\u00e9s, v\u00e9g\u00fcl a k\u00f6vetkez\u0151 h\u00e1rom rajz ker\u00fclt a dobog\u00f3ra: I. d\u00edj \u2013 Peti (6 e\u0301ves): Ho\u030bs leszek II. d\u00edj \u2013 Kata (5 e\u0301ves): Seg\u00edtek otthon III. d\u00edj \u2013 Joanna (3 e\u0301ves): \u00c9n \u00e9s a t\u00f6bbiek GRATUL\u00c1LUNK! Ne keseredjenek el azok sem, akik most [&hellip;]<\/p>\n","protected":false},"author":3,"featured_media":0,"parent":0,"menu_order":0,"comment_status":"closed","ping_status":"closed","template":"","meta":{"footnotes":""},"class_list":["post-772","page","type-page","status-publish","hentry"],"_links":{"self":[{"href":"https:\/\/intercleft.com\/hu\/wp-json\/wp\/v2\/pages\/772","targetHints":{"allow":["GET"]}}],"collection":[{"href":"https:\/\/intercleft.com\/hu\/wp-json\/wp\/v2\/pages"}],"about":[{"href":"https:\/\/intercleft.com\/hu\/wp-json\/wp\/v2\/types\/page"}],"author":[{"embeddable":true,"href":"https:\/\/intercleft.com\/hu\/wp-json\/wp\/v2\/users\/3"}],"replies":[{"embeddable":true,"href":"https:\/\/intercleft.com\/hu\/wp-json\/wp\/v2\/comments?post=772"}],"version-history":[{"count":44,"href":"https:\/\/intercleft.com\/hu\/wp-json\/wp\/v2\/pages\/772\/revisions"}],"predecessor-version":[{"id":952,"href":"https:\/\/intercleft.com\/hu\/wp-json\/wp\/v2\/pages\/772\/revisions\/952"}],"wp:attachment":[{"href":"https:\/\/intercleft.com\/hu\/wp-json\/wp\/v2\/media?parent=772"}],"curies":[{"name":"wp","href":"https:\/\/api.w.org\/{rel}","templated":true}]}}